{"id":9,"date":"2020-07-11T15:21:38","date_gmt":"2020-07-11T18:21:38","guid":{"rendered":"http:\/\/www.zeroharm.com.br\/?page_id=9"},"modified":"2021-09-14T12:19:50","modified_gmt":"2021-09-14T15:19:50","slug":"quem-somos","status":"publish","type":"page","link":"https:\/\/www.zeroharm.com.br\/index.php\/quem-somos\/","title":{"rendered":"Quem Somos"},"content":{"rendered":"\n<div class=\"wp-block-columns\">\n<div class=\"wp-block-column\" style=\"flex-basis:33.33%\">\n<div class=\"wp-block-image\"><figure class=\"alignright size-large is-resized\"><img loading=\"lazy\" src=\"http:\/\/www.zeroharm.com.br\/wp-content\/uploads\/2020\/07\/ReginaldoPedreiraLapa.png\" alt=\"\" class=\"wp-image-92\" width=\"243\" height=\"365\" srcset=\"https:\/\/www.zeroharm.com.br\/wp-content\/uploads\/2020\/07\/ReginaldoPedreiraLapa.png 360w, https:\/\/www.zeroharm.com.br\/wp-content\/uploads\/2020\/07\/ReginaldoPedreiraLapa-200x300.png 200w\" sizes=\"(max-width: 243px) 100vw, 243px\" \/><figcaption>Reginaldo Pedreira Lapa<\/figcaption><\/figure><\/div>\n<\/div>\n\n\n\n<div class=\"wp-block-column\" style=\"flex-basis:66.66%\">\n<p><strong>Reginaldo Pedreira Lapa<\/strong>, possui mais de 45 anos de experi\u00eancia  em empresas e na fun\u00e7\u00e3o de Consultoria:<br>\u2013 Engenheiro de Minas (EEUFMG),<br>\u2013 Engenheiro de Seguran\u00e7a do Trabalho (USP);<br>\u2013 MBA em Gest\u00e3o Empresarial (FDC);<br>\u2013 Mestre em Engenharia Mineral ( EPUSP);<br>\u2013 Especializa\u00e7\u00e3o em Gest\u00e3o da Qualidade \u2013 Jap\u00e3o;<br>\u2013 Especializa\u00e7\u00e3o em Gest\u00e3o de Risco \u2013 Universidade de Queensland \u2013 Austr\u00e1lia;<br>\u2013 Diretor Geral da Zeroharm \u2013 Consultoria e Treinamento em\u00a0Gest\u00e3o<br>\u2013 Consultor de empresas em Gerenciamento de Riscos, Seguran\u00e7a e Sa\u00fade Ocupacional;<br><br>Lecionou por 12 anos (2003-2015) na USP como professor convidado do Curso de Engenharia de Seguran\u00e7a do Trabalho do Programa de Educa\u00e7\u00e3o Continuada.<\/p>\n\n\n\n<p>Professor convidado da disciplina de Ger\u00eancia de Riscos da PUC &#8211; Campinas e no MBA de Gest\u00e3o de Ativos realizado pela Funda\u00e7\u00e3o GORCEIX e ABRAMAN.<br><br>Reginaldo Lapa \u00e9 autor de livros na \u00e1rea de seguran\u00e7a e gest\u00e3o de riscos e atualmente fornece consultoria de alto n\u00edvel e especialista em Gest\u00e3o de Riscos, Seguran\u00e7a e Meio Ambiente atendendo clientes globalmente.<\/p>\n<\/div>\n<\/div>\n","protected":false},"excerpt":{"rendered":"<p>Reginaldo Pedreira Lapa, possui mais de 45 anos de experi\u00eancia em empresas e na fun\u00e7\u00e3o de Consultoria:\u2013 Engenheiro de Minas (EEUFMG),\u2013 Engenheiro de Seguran\u00e7a do Trabalho (USP);\u2013 MBA em Gest\u00e3o &#8230;<\/p>\n","protected":false},"author":2,"featured_media":0,"parent":0,"menu_order":0,"comment_status":"closed","ping_status":"closed","template":"","meta":[],"_links":{"self":[{"href":"https:\/\/www.zeroharm.com.br\/index.php\/wp-json\/wp\/v2\/pages\/9"}],"collection":[{"href":"https:\/\/www.zeroharm.com.br\/index.php\/wp-json\/wp\/v2\/pages"}],"about":[{"href":"https:\/\/www.zeroharm.com.br\/index.php\/wp-json\/wp\/v2\/types\/page"}],"author":[{"embeddable":true,"href":"https:\/\/www.zeroharm.com.br\/index.php\/wp-json\/wp\/v2\/users\/2"}],"replies":[{"embeddable":true,"href":"https:\/\/www.zeroharm.com.br\/index.php\/wp-json\/wp\/v2\/comments?post=9"}],"version-history":[{"count":6,"href":"https:\/\/www.zeroharm.com.br\/index.php\/wp-json\/wp\/v2\/pages\/9\/revisions"}],"predecessor-version":[{"id":180,"href":"https:\/\/www.zeroharm.com.br\/index.php\/wp-json\/wp\/v2\/pages\/9\/revisions\/180"}],"wp:attachment":[{"href":"https:\/\/www.zeroharm.com.br\/index.php\/wp-json\/wp\/v2\/media?parent=9"}],"curies":[{"name":"wp","href":"https:\/\/api.w.org\/{rel}","templated":true}]}}