{"id":26,"date":"2020-07-11T15:26:08","date_gmt":"2020-07-11T18:26:08","guid":{"rendered":"http:\/\/www.zeroharm.com.br\/?page_id=26"},"modified":"2025-03-28T11:03:56","modified_gmt":"2025-03-28T14:03:56","slug":"livros","status":"publish","type":"page","link":"https:\/\/www.zeroharm.com.br\/index.php\/pagina-exemplo\/livros\/","title":{"rendered":"Livros"},"content":{"rendered":"\n<div class=\"wp-block-columns\">\n<div class=\"wp-block-column\">\n<h3><strong>\u00c9 fundamental aprender com os incidentes!<\/strong><\/h3>\n\n\n\n<figure class=\"wp-block-image size-large\"><img loading=\"lazy\" width=\"531\" height=\"801\" src=\"http:\/\/www.zeroharm.com.br\/wp-content\/uploads\/2021\/02\/CAPA-Simples.jpg\" alt=\"\" class=\"wp-image-147\" srcset=\"https:\/\/www.zeroharm.com.br\/wp-content\/uploads\/2021\/02\/CAPA-Simples.jpg 531w, https:\/\/www.zeroharm.com.br\/wp-content\/uploads\/2021\/02\/CAPA-Simples-199x300.jpg 199w\" sizes=\"(max-width: 531px) 100vw, 531px\" \/><\/figure>\n\n\n\n<p>Conhe\u00e7a o mais completo livro sobre Investiga\u00e7\u00e3o de incidentes. Este livro \u00e9 fundamental para toda equipe de seguran\u00e7a que busca um processo efetivo para investiga\u00e7\u00e3o de incidentes.<\/p>\n\n\n\n<p>Compre o livro e pague pelo PagSeguro clicando no bot\u00e3o abaixo:<\/p>\n\n\n\n<p><strong><span style=\"color:#24c40b\" class=\"has-inline-color\">FRETE GR\u00c1TIS PARA TODO O BRASIL<\/span><\/strong><\/p>\n\n\n\n<!-- INICIO DO BOTAO PAGSEGURO --><a href=\"https:\/\/pag.ae\/7-ruuddHP\/button\" target=\"_blank\" title=\"Pagar com PagSeguro\" rel=\"noopener\"><img src=\"\/\/assets.pagseguro.com.br\/ps-integration-assets\/botoes\/pagamentos\/205x30-pagar.gif\" alt=\"Pague com PagSeguro - \u00e9 r\u00e1pido, gr\u00e1tis e seguro!\"><\/a><!-- FIM DO BOTAO PAGSEGURO -->\n\n\n\n<figure class=\"wp-block-gallery columns-1 is-cropped\"><ul class=\"blocks-gallery-grid\"><li class=\"blocks-gallery-item\"><figure><img loading=\"lazy\" width=\"443\" height=\"1024\" src=\"http:\/\/www.zeroharm.com.br\/wp-content\/uploads\/2021\/09\/Conteudo-Livro-Aprenda-com-os-Incidentes-443x1024.jpg\" alt=\"\" data-id=\"170\" data-full-url=\"http:\/\/www.zeroharm.com.br\/wp-content\/uploads\/2021\/09\/Conteudo-Livro-Aprenda-com-os-Incidentes.jpg\" data-link=\"http:\/\/www.zeroharm.com.br\/index.php\/pagina-exemplo\/livros\/conteudo-livro-aprenda-com-os-incidentes\/\" class=\"wp-image-170\" srcset=\"https:\/\/www.zeroharm.com.br\/wp-content\/uploads\/2021\/09\/Conteudo-Livro-Aprenda-com-os-Incidentes-443x1024.jpg 443w, https:\/\/www.zeroharm.com.br\/wp-content\/uploads\/2021\/09\/Conteudo-Livro-Aprenda-com-os-Incidentes-130x300.jpg 130w, https:\/\/www.zeroharm.com.br\/wp-content\/uploads\/2021\/09\/Conteudo-Livro-Aprenda-com-os-Incidentes.jpg 483w\" sizes=\"(max-width: 443px) 100vw, 443px\" \/><\/figure><\/li><\/ul><\/figure>\n\n\n\n<figure class=\"wp-block-image size-large\"><img loading=\"lazy\" width=\"531\" height=\"801\" src=\"http:\/\/www.zeroharm.com.br\/wp-content\/uploads\/2021\/02\/CAPA-Simples-1.jpg\" alt=\"\" class=\"wp-image-161\" srcset=\"https:\/\/www.zeroharm.com.br\/wp-content\/uploads\/2021\/02\/CAPA-Simples-1.jpg 531w, https:\/\/www.zeroharm.com.br\/wp-content\/uploads\/2021\/02\/CAPA-Simples-1-199x300.jpg 199w\" sizes=\"(max-width: 531px) 100vw, 531px\" \/><\/figure>\n\n\n\n<p class=\"has-black-color has-text-color\"><\/p>\n<\/div>\n\n\n\n<div class=\"wp-block-column\">\n<h3><strong>Gerenciar Riscos \u00e9 a Solu\u00e7\u00e3o!<\/strong><\/h3>\n\n\n\n<figure class=\"wp-block-image size-large\"><img loading=\"lazy\" width=\"711\" height=\"1024\" src=\"http:\/\/www.zeroharm.com.br\/wp-content\/uploads\/2020\/07\/LivroGestaoRisco-3-711x1024.png\" alt=\"\" class=\"wp-image-80\" srcset=\"https:\/\/www.zeroharm.com.br\/wp-content\/uploads\/2020\/07\/LivroGestaoRisco-3-711x1024.png 711w, https:\/\/www.zeroharm.com.br\/wp-content\/uploads\/2020\/07\/LivroGestaoRisco-3-208x300.png 208w, https:\/\/www.zeroharm.com.br\/wp-content\/uploads\/2020\/07\/LivroGestaoRisco-3-768x1106.png 768w, https:\/\/www.zeroharm.com.br\/wp-content\/uploads\/2020\/07\/LivroGestaoRisco-3-1067x1536.png 1067w, https:\/\/www.zeroharm.com.br\/wp-content\/uploads\/2020\/07\/LivroGestaoRisco-3.png 1096w\" sizes=\"(max-width: 711px) 100vw, 711px\" \/><\/figure>\n\n\n\n<p>Livro in\u00e9dito, publicado em 2020 e revisado em 2021. O texto \u00e9 composto de 7 cap\u00edtulos que discute os conceitos da Gest\u00e3o de riscos e apresenta em detalhe v\u00e1rias ferramentas de an\u00e1lise de riscos, dentre outros temas.\u00a0\u00a0\u00a0\u00a0\u00a0\u00a0\u00a0\u00a0\u00a0\u00a0\u00a0\u00a0\u00a0\u00a0\u00a0\u00a0\u00a0\u00a0<\/p>\n\n\n\n<p>Compre o livro e pague pelo PagSeguro clicando no bot\u00e3o abaixo:<\/p>\n\n\n\n<p><strong><span style=\"color:#24c40b\" class=\"has-inline-color\">FRETE GR\u00c1TIS PARA TODO O BRASIL<\/span><\/strong><\/p>\n\n\n\n<!-- INICIO DO BOTAO PAGSEGURO --><a href=\"https:\/\/pag.ae\/7-rut13Qr\/button\" target=\"_blank\" title=\"Pagar com PagSeguro\" rel=\"noopener\"><img src=\"\/\/assets.pagseguro.com.br\/ps-integration-assets\/botoes\/pagamentos\/205x30-pagar.gif\" alt=\"Pague com PagSeguro - \u00e9 r\u00e1pido, gr\u00e1tis e seguro!\"><\/a><!-- FIM DO BOTAO PAGSEGURO -->\n\n\n\n<figure class=\"wp-block-gallery columns-1 is-cropped\"><ul class=\"blocks-gallery-grid\"><li class=\"blocks-gallery-item\"><figure><img loading=\"lazy\" width=\"707\" height=\"1024\" src=\"http:\/\/www.zeroharm.com.br\/wp-content\/uploads\/2020\/07\/LivroGestaoRisco1-707x1024.png\" alt=\"\" data-id=\"75\" data-full-url=\"http:\/\/www.zeroharm.com.br\/wp-content\/uploads\/2020\/07\/LivroGestaoRisco1.png\" data-link=\"http:\/\/www.zeroharm.com.br\/index.php\/pagina-exemplo\/livros\/livrogestaorisco1\/\" class=\"wp-image-75\" srcset=\"https:\/\/www.zeroharm.com.br\/wp-content\/uploads\/2020\/07\/LivroGestaoRisco1-707x1024.png 707w, https:\/\/www.zeroharm.com.br\/wp-content\/uploads\/2020\/07\/LivroGestaoRisco1-207x300.png 207w, https:\/\/www.zeroharm.com.br\/wp-content\/uploads\/2020\/07\/LivroGestaoRisco1-768x1113.png 768w, https:\/\/www.zeroharm.com.br\/wp-content\/uploads\/2020\/07\/LivroGestaoRisco1-1060x1536.png 1060w, https:\/\/www.zeroharm.com.br\/wp-content\/uploads\/2020\/07\/LivroGestaoRisco1.png 1089w\" sizes=\"(max-width: 707px) 100vw, 707px\" \/><\/figure><\/li><li class=\"blocks-gallery-item\"><figure><img loading=\"lazy\" width=\"705\" height=\"1024\" src=\"http:\/\/www.zeroharm.com.br\/wp-content\/uploads\/2020\/07\/LivroGestaoRisco2-705x1024.png\" alt=\"\" data-id=\"76\" data-full-url=\"http:\/\/www.zeroharm.com.br\/wp-content\/uploads\/2020\/07\/LivroGestaoRisco2.png\" data-link=\"http:\/\/www.zeroharm.com.br\/index.php\/pagina-exemplo\/livros\/livrogestaorisco2\/\" class=\"wp-image-76\" srcset=\"https:\/\/www.zeroharm.com.br\/wp-content\/uploads\/2020\/07\/LivroGestaoRisco2-705x1024.png 705w, https:\/\/www.zeroharm.com.br\/wp-content\/uploads\/2020\/07\/LivroGestaoRisco2-207x300.png 207w, https:\/\/www.zeroharm.com.br\/wp-content\/uploads\/2020\/07\/LivroGestaoRisco2-768x1116.png 768w, https:\/\/www.zeroharm.com.br\/wp-content\/uploads\/2020\/07\/LivroGestaoRisco2-1057x1536.png 1057w, https:\/\/www.zeroharm.com.br\/wp-content\/uploads\/2020\/07\/LivroGestaoRisco2.png 1087w\" sizes=\"(max-width: 705px) 100vw, 705px\" \/><\/figure><\/li><\/ul><\/figure>\n\n\n\n<p>\/<\/p>\n<\/div>\n<\/div>\n\n\n\n<p class=\"has-black-color has-text-color has-medium-font-size\"><strong>Conhe\u00e7a o mais completo livro sobre Investiga\u00e7\u00e3o de incidentes. Este livro \u00e9 fundamental para toda equipe de seguran\u00e7a que busca um processo efetivo para investiga\u00e7\u00e3o de incidentes. Esta \u00e9 a vers\u00e3o do livro Aprendendo com os Incidentes revisada e atualizada. A nova vers\u00e3o vem com 420 p\u00e1ginas a cores para facilitar e incentivar a sua leitura. <\/strong><\/p>\n\n\n\n<div class=\"wp-block-group\"><div class=\"wp-block-group__inner-container\">\n<figure class=\"wp-block-image size-large\"><img loading=\"lazy\" width=\"502\" height=\"726\" src=\"http:\/\/www.zeroharm.com.br\/wp-content\/uploads\/2025\/03\/Capa.jpg\" alt=\"\" class=\"wp-image-198\" srcset=\"https:\/\/www.zeroharm.com.br\/wp-content\/uploads\/2025\/03\/Capa.jpg 502w, https:\/\/www.zeroharm.com.br\/wp-content\/uploads\/2025\/03\/Capa-207x300.jpg 207w\" sizes=\"(max-width: 502px) 100vw, 502px\" \/><\/figure>\n\n\n\n<figure class=\"wp-block-image size-large\"><img loading=\"lazy\" width=\"972\" height=\"705\" src=\"http:\/\/www.zeroharm.com.br\/wp-content\/uploads\/2025\/03\/Indice-Ingles.jpg\" alt=\"\" class=\"wp-image-199\" srcset=\"https:\/\/www.zeroharm.com.br\/wp-content\/uploads\/2025\/03\/Indice-Ingles.jpg 972w, https:\/\/www.zeroharm.com.br\/wp-content\/uploads\/2025\/03\/Indice-Ingles-300x218.jpg 300w, https:\/\/www.zeroharm.com.br\/wp-content\/uploads\/2025\/03\/Indice-Ingles-768x557.jpg 768w\" sizes=\"(max-width: 972px) 100vw, 972px\" \/><\/figure>\n\n\n\n<p class=\"has-medium-font-size\">Already available the version in English related to Risk Management. The text is composed of 7 chapters that discuss the concepts of Risk Management and present in detail several risk analysis tools, among other topics. Initially this version is available only electronically. You will receive the file in pdf by e-mail exclusively named.<\/p>\n<\/div><\/div>\n\n\n\n<p class=\"has-medium-font-size\">Buy the book and pay through PagSeguro by clicking the button below:<\/p>\n\n\n\n<figure class=\"wp-block-image\"><a href=\"https:\/\/pag.ae\/7_vHoyqr6\/button\" target=\"_blank\" rel=\"noreferrer noopener\"><img src=\"\/\/assets.pagseguro.com.br\/ps-integration-assets\/botoes\/pagamentos\/205x30-pagar.gif\" alt=\"Pague com PagBank - \u00e9 r\u00e1pido, gr\u00e1tis e seguro!\"\/><\/a><\/figure>\n\n\n\n<p><\/p>\n","protected":false},"excerpt":{"rendered":"<p>\u00c9 fundamental aprender com os incidentes! Conhe\u00e7a o mais completo livro sobre Investiga\u00e7\u00e3o de incidentes. Este livro \u00e9 fundamental para toda equipe de seguran\u00e7a que busca um processo efetivo para &#8230;<\/p>\n","protected":false},"author":2,"featured_media":0,"parent":2,"menu_order":0,"comment_status":"closed","ping_status":"closed","template":"","meta":[],"_links":{"self":[{"href":"https:\/\/www.zeroharm.com.br\/index.php\/wp-json\/wp\/v2\/pages\/26"}],"collection":[{"href":"https:\/\/www.zeroharm.com.br\/index.php\/wp-json\/wp\/v2\/pages"}],"about":[{"href":"https:\/\/www.zeroharm.com.br\/index.php\/wp-json\/wp\/v2\/types\/page"}],"author":[{"embeddable":true,"href":"https:\/\/www.zeroharm.com.br\/index.php\/wp-json\/wp\/v2\/users\/2"}],"replies":[{"embeddable":true,"href":"https:\/\/www.zeroharm.com.br\/index.php\/wp-json\/wp\/v2\/comments?post=26"}],"version-history":[{"count":28,"href":"https:\/\/www.zeroharm.com.br\/index.php\/wp-json\/wp\/v2\/pages\/26\/revisions"}],"predecessor-version":[{"id":203,"href":"https:\/\/www.zeroharm.com.br\/index.php\/wp-json\/wp\/v2\/pages\/26\/revisions\/203"}],"up":[{"embeddable":true,"href":"https:\/\/www.zeroharm.com.br\/index.php\/wp-json\/wp\/v2\/pages\/2"}],"wp:attachment":[{"href":"https:\/\/www.zeroharm.com.br\/index.php\/wp-json\/wp\/v2\/media?parent=26"}],"curies":[{"name":"wp","href":"https:\/\/api.w.org\/{rel}","templated":true}]}}