{"id":22,"date":"2020-07-11T15:22:54","date_gmt":"2020-07-11T18:22:54","guid":{"rendered":"http:\/\/www.zeroharm.com.br\/?page_id=22"},"modified":"2021-09-14T12:23:05","modified_gmt":"2021-09-14T15:23:05","slug":"contato","status":"publish","type":"page","link":"https:\/\/www.zeroharm.com.br\/index.php\/contato\/","title":{"rendered":"Contato"},"content":{"rendered":"\n<h3><strong><span style=\"color:#333334\" class=\"has-inline-color\">Zero Harm Consulting<\/span><\/strong><\/h3>\n\n\n\n<p>Entre em contato conosco para conhecer nossos servi\u00e7os. Atendemos em todo o Brasil, Am\u00e9rica Latina, Am\u00e9rica do Norte, Europa, \u00c1sia e Oceania.<\/p>\n\n\n\n<p class=\"has-very-dark-gray-color has-text-color\"><img loading=\"lazy\" width=\"96\" height=\"96\" class=\"wp-image-64\" style=\"width: 32px;\" src=\"http:\/\/www.zeroharm.com.br\/wp-content\/uploads\/2020\/07\/Send_96px.png\" alt=\"\"> <a rel=\"noreferrer noopener\" href=\"mailto:reginaldo@zeroharm.com.br\" target=\"_blank\">reginaldo@zeroharm.com.br<\/a><\/p>\n\n\n\n<p><\/p>\n\n\n\n<p><img loading=\"lazy\" width=\"96\" height=\"96\" class=\"wp-image-65\" style=\"width: 32px;\" src=\"http:\/\/www.zeroharm.com.br\/wp-content\/uploads\/2020\/07\/WhatsApp_96px.png\" alt=\"\"><strong> (011) 98579-1076<\/strong><\/p>\n","protected":false},"excerpt":{"rendered":"<p>Zero Harm Consulting Entre em contato conosco para conhecer nossos servi\u00e7os. Atendemos em todo o Brasil, Am\u00e9rica Latina, Am\u00e9rica do Norte, Europa, \u00c1sia e Oceania. reginaldo@zeroharm.com.br (011) 98579-1076<\/p>\n","protected":false},"author":2,"featured_media":0,"parent":0,"menu_order":0,"comment_status":"closed","ping_status":"closed","template":"","meta":[],"_links":{"self":[{"href":"https:\/\/www.zeroharm.com.br\/index.php\/wp-json\/wp\/v2\/pages\/22"}],"collection":[{"href":"https:\/\/www.zeroharm.com.br\/index.php\/wp-json\/wp\/v2\/pages"}],"about":[{"href":"https:\/\/www.zeroharm.com.br\/index.php\/wp-json\/wp\/v2\/types\/page"}],"author":[{"embeddable":true,"href":"https:\/\/www.zeroharm.com.br\/index.php\/wp-json\/wp\/v2\/users\/2"}],"replies":[{"embeddable":true,"href":"https:\/\/www.zeroharm.com.br\/index.php\/wp-json\/wp\/v2\/comments?post=22"}],"version-history":[{"count":6,"href":"https:\/\/www.zeroharm.com.br\/index.php\/wp-json\/wp\/v2\/pages\/22\/revisions"}],"predecessor-version":[{"id":181,"href":"https:\/\/www.zeroharm.com.br\/index.php\/wp-json\/wp\/v2\/pages\/22\/revisions\/181"}],"wp:attachment":[{"href":"https:\/\/www.zeroharm.com.br\/index.php\/wp-json\/wp\/v2\/media?parent=22"}],"curies":[{"name":"wp","href":"https:\/\/api.w.org\/{rel}","templated":true}]}}