{"id":2,"date":"2020-07-11T15:13:37","date_gmt":"2020-07-11T18:13:37","guid":{"rendered":"http:\/\/www.zeroharm.com.br\/?page_id=2"},"modified":"2025-03-28T11:34:59","modified_gmt":"2025-03-28T14:34:59","slug":"pagina-exemplo","status":"publish","type":"page","link":"https:\/\/www.zeroharm.com.br\/","title":{"rendered":"Home"},"content":{"rendered":"\n<figure class=\"wp-block-image alignfull\"><img alt=\"\"\/><\/figure>\n\n\n\n<div class=\"wp-block-columns alignwide\">\n<div class=\"wp-block-column\" style=\"flex-basis:25%\">\n<div class=\"wp-block-image is-style-rounded\"><figure class=\"aligncenter size-large is-resized\"><img loading=\"lazy\" src=\"http:\/\/www.zeroharm.com.br\/wp-content\/uploads\/2020\/07\/gestao-de-risco-fia-o-que-e.jpg\" alt=\"Gestao-Risco-O-Que-E\" class=\"wp-image-40\" width=\"247\" height=\"162\"\/><\/figure><\/div>\n<\/div>\n\n\n\n<div class=\"wp-block-column\" style=\"flex-basis:50%\">\n<div class=\"wp-block-group\"><div class=\"wp-block-group__inner-container\">\n<div class=\"wp-block-image is-style-default\"><figure class=\"aligncenter size-large is-resized\"><img loading=\"lazy\" src=\"http:\/\/www.zeroharm.com.br\/wp-content\/uploads\/2020\/07\/Riskex.png\" alt=\"Sistema-Riskex\" class=\"wp-image-42\" width=\"470\" height=\"188\" srcset=\"https:\/\/www.zeroharm.com.br\/wp-content\/uploads\/2020\/07\/Riskex.png 1000w, https:\/\/www.zeroharm.com.br\/wp-content\/uploads\/2020\/07\/Riskex-300x120.png 300w, https:\/\/www.zeroharm.com.br\/wp-content\/uploads\/2020\/07\/Riskex-768x307.png 768w\" sizes=\"(max-width: 470px) 100vw, 470px\" \/><\/figure><\/div>\n<\/div><\/div>\n<\/div>\n\n\n\n<div class=\"wp-block-column\" style=\"flex-basis:25%\">\n<div class=\"wp-block-image is-style-rounded\"><figure class=\"aligncenter size-large is-resized\"><img loading=\"lazy\" src=\"http:\/\/www.zeroharm.com.br\/wp-content\/uploads\/2020\/07\/meotodlogia.jpg\" alt=\"Gestao-Risco-Metodologia\" class=\"wp-image-44\" width=\"157\" height=\"150\" srcset=\"https:\/\/www.zeroharm.com.br\/wp-content\/uploads\/2020\/07\/meotodlogia.jpg 350w, https:\/\/www.zeroharm.com.br\/wp-content\/uploads\/2020\/07\/meotodlogia-300x288.jpg 300w\" sizes=\"(max-width: 157px) 100vw, 157px\" \/><\/figure><\/div>\n<\/div>\n<\/div>\n\n\n\n<div class=\"wp-block-media-text alignwide is-stacked-on-mobile is-vertically-aligned-top\" style=\"grid-template-columns:16% auto\"><figure class=\"wp-block-media-text__media\"><a href=\"http:\/\/www.zeroharm.com.br\/index.php\/pagina-exemplo\/livros\/\"><img loading=\"lazy\" width=\"522\" height=\"751\" src=\"http:\/\/www.zeroharm.com.br\/wp-content\/uploads\/2020\/07\/LivroGestaoRisco751.png\" alt=\"\" class=\"wp-image-86 size-full\" srcset=\"https:\/\/www.zeroharm.com.br\/wp-content\/uploads\/2020\/07\/LivroGestaoRisco751.png 522w, https:\/\/www.zeroharm.com.br\/wp-content\/uploads\/2020\/07\/LivroGestaoRisco751-209x300.png 209w\" sizes=\"(max-width: 522px) 100vw, 522px\" \/><\/a><\/figure><div class=\"wp-block-media-text__content\">\n<h3><a href=\"http:\/\/www.zeroharm.com.br\/index.php\/pagina-exemplo\/livros\/\">LIVRO IN\u00c9DITO &#8211; SIMPLIFICANDO A GEST\u00c3O DE RISCOS<\/a><\/h3>\n\n\n\n<pre class=\"wp-block-preformatted\"><strong><a href=\"http:\/\/www.zeroharm.com.br\/index.php\/pagina-exemplo\/livros\/\"><span class=\"has-inline-color has-very-dark-gray-color\">Livro in\u00e9dito, p\u00fablicado em 2020. O texto \u00e9 composto de 7 cap\u00edtulos que discute os conceitos da Gest\u00e3o de riscos e apresenta em detalhe v\u00e1rias ferramentas de an\u00e1lise de riscos, dentre outros temas abordados.<\/span><\/a>Revisado em 2021 incluindo ferramentas de an\u00e1lise de risco para m\u00e1quinas e equipamentos, aderentes \u00e0 NR 12. Adquira o seu exemplar! Voc\u00ea ter\u00e1 em m\u00e3os um comp\u00eandio da Gest\u00e3o de Riscos.<\/strong><\/pre>\n\n\n\n<p><strong><span class=\"has-inline-color has-vivid-green-cyan-color\"><a href=\"http:\/\/www.zeroharm.com.br\/index.php\/pagina-exemplo\/livros\/\">FRETE GR\u00c1TIS PARA TODO O BRASIL<\/a><\/span><\/strong><\/p>\n<\/div><\/div>\n\n\n\n<hr class=\"wp-block-separator is-style-wide\"\/>\n\n\n\n<p><\/p>\n\n\n\n<p><\/p>\n\n\n\n<div class=\"wp-block-media-text alignwide is-stacked-on-mobile is-vertically-aligned-top\" style=\"grid-template-columns:16% auto\"><figure class=\"wp-block-media-text__media\"><a href=\"http:\/\/www.zeroharm.com.br\/index.php\/pagina-exemplo\/livros\/\"><img loading=\"lazy\" width=\"531\" height=\"801\" src=\"http:\/\/www.zeroharm.com.br\/wp-content\/uploads\/2021\/02\/CAPA-Simples.jpg\" alt=\"\" class=\"wp-image-147 size-full\" srcset=\"https:\/\/www.zeroharm.com.br\/wp-content\/uploads\/2021\/02\/CAPA-Simples.jpg 531w, https:\/\/www.zeroharm.com.br\/wp-content\/uploads\/2021\/02\/CAPA-Simples-199x300.jpg 199w\" sizes=\"(max-width: 531px) 100vw, 531px\" \/><\/a><\/figure><div class=\"wp-block-media-text__content\">\n<h3><a href=\"http:\/\/www.zeroharm.com.br\/index.php\/pagina-exemplo\/livros\/\"><strong>EDI\u00c7\u00c3O REVISADA DE iNVESTIGA\u00c7\u00c3O E AN\u00c1LISE DE iNCIDENTES<\/strong><\/a><\/h3>\n\n\n\n<pre class=\"wp-block-preformatted\"><a href=\"http:\/\/www.zeroharm.com.br\/index.php\/pagina-exemplo\/livros\/\"><span class=\"has-inline-color has-very-dark-gray-color\"><strong>Revisamos a edi\u00e7\u00e3o anterior do livro texto Investiga\u00e7\u00e3o e An\u00e1lise de Incidentes. Al\u00e9m da revis\u00e3o a nova edi\u00e7\u00e3o agora \u00e9 a cores para proporcionar uma leitura mais agrad\u00e1vel e amig\u00e1vel. A edi\u00e7\u00e3o revisada j\u00e1 est\u00e1 dispon\u00edvel. Obtenha o seu exemplar. Fa\u00e7a uma boa leitura e obtenha proveito do conte\u00fado na sua rotina profissional.<\/strong><\/span><\/a><\/pre>\n\n\n\n<p><strong><span class=\"has-inline-color has-vivid-green-cyan-color\"><a href=\"http:\/\/www.zeroharm.com.br\/index.php\/pagina-exemplo\/livros\/\">FRETE GR\u00c1TIS PARA TODO O BRASIL<\/a><\/span><\/strong><\/p>\n<\/div><\/div>\n\n\n\n<div class=\"wp-block-image\"><figure class=\"alignleft size-large is-resized\"><img loading=\"lazy\" src=\"http:\/\/www.zeroharm.com.br\/wp-content\/uploads\/2025\/03\/Capa.jpg\" alt=\"\" class=\"wp-image-198\" width=\"183\" height=\"265\" srcset=\"https:\/\/www.zeroharm.com.br\/wp-content\/uploads\/2025\/03\/Capa.jpg 502w, https:\/\/www.zeroharm.com.br\/wp-content\/uploads\/2025\/03\/Capa-207x300.jpg 207w\" sizes=\"(max-width: 183px) 100vw, 183px\" \/><\/figure><\/div>\n\n\n\n<pre id=\"block-90ddbd48-7213-4456-9f3f-189531f554fb\" class=\"wp-block-preformatted\"><a href=\"http:\/\/www.zeroharm.com.br\/index.php\/pagina-exemplo\/livros\/\" target=\"_blank\" rel=\"noreferrer noopener\"><strong><span class=\"has-inline-color has-black-color\">This is a version of the book related to Risk Management published in 2022 in portuguese, now translated to english.The text is composed of 7 chapters that discuss the concepts of Risk Management and presents in detail several risk analysis tools, among other topics covered. Revised in 2021 including risk analysis tools for machines and equipment.This english version is only delivered electronically in pdf file.<\/span><\/strong><\/a>\n<a href=\"http:\/\/www.zeroharm.com.br\/index.php\/pagina-exemplo\/livros\/\"><strong><span class=\"has-inline-color has-black-color\">Get your copy and receive it by e-mail.<\/span><\/strong><\/a><\/pre>\n","protected":false},"excerpt":{"rendered":"<p>LIVRO IN\u00c9DITO &#8211; SIMPLIFICANDO A GEST\u00c3O DE RISCOS Livro in\u00e9dito, p\u00fablicado em 2020. O texto \u00e9 composto de 7 cap\u00edtulos que discute os conceitos da Gest\u00e3o de riscos e apresenta &#8230;<\/p>\n","protected":false},"author":2,"featured_media":0,"parent":0,"menu_order":0,"comment_status":"closed","ping_status":"open","template":"","meta":[],"_links":{"self":[{"href":"https:\/\/www.zeroharm.com.br\/index.php\/wp-json\/wp\/v2\/pages\/2"}],"collection":[{"href":"https:\/\/www.zeroharm.com.br\/index.php\/wp-json\/wp\/v2\/pages"}],"about":[{"href":"https:\/\/www.zeroharm.com.br\/index.php\/wp-json\/wp\/v2\/types\/page"}],"author":[{"embeddable":true,"href":"https:\/\/www.zeroharm.com.br\/index.php\/wp-json\/wp\/v2\/users\/2"}],"replies":[{"embeddable":true,"href":"https:\/\/www.zeroharm.com.br\/index.php\/wp-json\/wp\/v2\/comments?post=2"}],"version-history":[{"count":23,"href":"https:\/\/www.zeroharm.com.br\/index.php\/wp-json\/wp\/v2\/pages\/2\/revisions"}],"predecessor-version":[{"id":211,"href":"https:\/\/www.zeroharm.com.br\/index.php\/wp-json\/wp\/v2\/pages\/2\/revisions\/211"}],"wp:attachment":[{"href":"https:\/\/www.zeroharm.com.br\/index.php\/wp-json\/wp\/v2\/media?parent=2"}],"curies":[{"name":"wp","href":"https:\/\/api.w.org\/{rel}","templated":true}]}}