{"id":12,"date":"2020-07-11T15:21:38","date_gmt":"2020-07-11T18:21:38","guid":{"rendered":"http:\/\/www.zeroharm.com.br\/?page_id=12"},"modified":"2020-07-24T12:03:05","modified_gmt":"2020-07-24T15:03:05","slug":"solucao","status":"publish","type":"page","link":"https:\/\/www.zeroharm.com.br\/index.php\/solucao\/","title":{"rendered":"Palestras e Cursos"},"content":{"rendered":"\n<div class=\"wp-block-columns\">\n<div class=\"wp-block-column\">\n<div class=\"wp-block-image\"><figure class=\"aligncenter size-large\"><img loading=\"lazy\" width=\"96\" height=\"96\" src=\"http:\/\/www.zeroharm.com.br\/wp-content\/uploads\/2020\/07\/Construction_96px.png\" alt=\"\" class=\"wp-image-98\"\/><\/figure><\/div>\n\n\n\n<figure class=\"wp-block-image size-large\"><img loading=\"lazy\" width=\"1024\" height=\"505\" src=\"http:\/\/www.zeroharm.com.br\/wp-content\/uploads\/2020\/07\/Imagem-palestra-Risco-no-Plural-1024x505.jpg\" alt=\"\" class=\"wp-image-129\" srcset=\"https:\/\/www.zeroharm.com.br\/wp-content\/uploads\/2020\/07\/Imagem-palestra-Risco-no-Plural-1024x505.jpg 1024w, https:\/\/www.zeroharm.com.br\/wp-content\/uploads\/2020\/07\/Imagem-palestra-Risco-no-Plural-300x148.jpg 300w, https:\/\/www.zeroharm.com.br\/wp-content\/uploads\/2020\/07\/Imagem-palestra-Risco-no-Plural-768x379.jpg 768w, https:\/\/www.zeroharm.com.br\/wp-content\/uploads\/2020\/07\/Imagem-palestra-Risco-no-Plural.jpg 1358w\" sizes=\"(max-width: 1024px) 100vw, 1024px\" \/><figcaption>Live 11\/05\/2020<\/figcaption><\/figure>\n\n\n\n<figure class=\"wp-block-embed-youtube wp-block-embed is-type-video is-provider-youtube wp-embed-aspect-16-9 wp-has-aspect-ratio\"><div class=\"wp-block-embed__wrapper\">\n<iframe title=\"Risco no plural\" width=\"800\" height=\"450\" src=\"https:\/\/www.youtube.com\/embed\/XRi_3dsAHfc?feature=oembed\" frameborder=\"0\" allow=\"accelerometer; autoplay; encrypted-media; gyroscope; picture-in-picture\" allowfullscreen><\/iframe>\n<\/div><\/figure>\n\n\n\n<figure class=\"wp-block-embed-youtube wp-block-embed is-type-video is-provider-youtube wp-embed-aspect-16-9 wp-has-aspect-ratio\"><div class=\"wp-block-embed__wrapper\">\n<iframe title=\"Gest\u00e3o de Riscos na onda 4.0\" width=\"800\" height=\"450\" src=\"https:\/\/www.youtube.com\/embed\/X2RapuYxov0?feature=oembed\" frameborder=\"0\" allow=\"accelerometer; autoplay; encrypted-media; gyroscope; picture-in-picture\" allowfullscreen><\/iframe>\n<\/div><figcaption>Solu\u00e7\u00e3o para Gest\u00e3o de Riscos<\/figcaption><\/figure>\n\n\n\n<figure class=\"wp-block-embed-youtube wp-block-embed is-type-video is-provider-youtube wp-embed-aspect-16-9 wp-has-aspect-ratio\"><div class=\"wp-block-embed__wrapper\">\n<iframe title=\"WCM RISK ASSESSMENT APP\" width=\"800\" height=\"450\" src=\"https:\/\/www.youtube.com\/embed\/xoiyqsoT_Qc?feature=oembed\" frameborder=\"0\" allow=\"accelerometer; autoplay; encrypted-media; gyroscope; picture-in-picture\" allowfullscreen><\/iframe>\n<\/div><figcaption>Aplicativo WCM &#8211; Pilar de Seguran\u00e7a<\/figcaption><\/figure>\n<\/div>\n\n\n\n<div class=\"wp-block-column\">\n<p class=\"has-text-align-center has-medium-font-size\"><strong>Veja palestras recentes e Cursos espec\u00edficos<\/strong><\/p>\n<\/div>\n\n\n\n<div class=\"wp-block-column\">\n<div class=\"wp-block-image\"><figure class=\"aligncenter size-large\"><img loading=\"lazy\" width=\"96\" height=\"96\" src=\"http:\/\/www.zeroharm.com.br\/wp-content\/uploads\/2020\/07\/Bulldozer_96px.png\" alt=\"\" class=\"wp-image-99\"\/><\/figure><\/div>\n\n\n\n<figure class=\"wp-block-image size-large is-resized\"><img loading=\"lazy\" src=\"http:\/\/www.zeroharm.com.br\/wp-content\/uploads\/2020\/07\/Programa-do-Curso-1024x454.jpg\" alt=\"\" class=\"wp-image-130\" width=\"202\" height=\"89\" srcset=\"https:\/\/www.zeroharm.com.br\/wp-content\/uploads\/2020\/07\/Programa-do-Curso-1024x454.jpg 1024w, https:\/\/www.zeroharm.com.br\/wp-content\/uploads\/2020\/07\/Programa-do-Curso-300x133.jpg 300w, https:\/\/www.zeroharm.com.br\/wp-content\/uploads\/2020\/07\/Programa-do-Curso-768x341.jpg 768w, https:\/\/www.zeroharm.com.br\/wp-content\/uploads\/2020\/07\/Programa-do-Curso-1536x681.jpg 1536w, https:\/\/www.zeroharm.com.br\/wp-content\/uploads\/2020\/07\/Programa-do-Curso.jpg 2000w\" sizes=\"(max-width: 202px) 100vw, 202px\" \/><figcaption><a href=\"https:\/\/www.udemy.com\/course\/apreda-a-avaliar-um-investimento-em-prevencao-de-acidentes\">https:\/\/www.udemy.com\/course\/aprenda-a-avaliar-um-investimento-em-prevencao-de-acidentes<\/a><\/figcaption><\/figure>\n\n\n\n<figure class=\"wp-block-image size-large is-resized\"><img loading=\"lazy\" src=\"http:\/\/www.zeroharm.com.br\/wp-content\/uploads\/2020\/07\/Safety-PayS-1024x597.jpg\" alt=\"\" class=\"wp-image-131\" width=\"193\" height=\"112\" srcset=\"https:\/\/www.zeroharm.com.br\/wp-content\/uploads\/2020\/07\/Safety-PayS-1024x597.jpg 1024w, https:\/\/www.zeroharm.com.br\/wp-content\/uploads\/2020\/07\/Safety-PayS-300x175.jpg 300w, https:\/\/www.zeroharm.com.br\/wp-content\/uploads\/2020\/07\/Safety-PayS-768x448.jpg 768w, https:\/\/www.zeroharm.com.br\/wp-content\/uploads\/2020\/07\/Safety-PayS.jpg 1194w\" sizes=\"(max-width: 193px) 100vw, 193px\" \/><figcaption><a href=\"https:\/\/www.udemy.com\/course\/hse-investment-analysis-safety-pays\">https:\/\/www.udemy.com\/course\/hse-investment-analysis-safety-pays<\/a><\/figcaption><\/figure>\n\n\n\n<figure class=\"wp-block-image size-large is-resized\"><img loading=\"lazy\" src=\"http:\/\/www.zeroharm.com.br\/wp-content\/uploads\/2020\/07\/APP-RISKEX.jpg\" alt=\"\" class=\"wp-image-136\" width=\"209\" height=\"117\" srcset=\"https:\/\/www.zeroharm.com.br\/wp-content\/uploads\/2020\/07\/APP-RISKEX.jpg 843w, https:\/\/www.zeroharm.com.br\/wp-content\/uploads\/2020\/07\/APP-RISKEX-300x169.jpg 300w, https:\/\/www.zeroharm.com.br\/wp-content\/uploads\/2020\/07\/APP-RISKEX-768x433.jpg 768w\" sizes=\"(max-width: 209px) 100vw, 209px\" \/><figcaption><a href=\"https:\/\/youtu.be\/UIZOa9yNPJE\">https:\/\/youtu.be\/UIZOa9yNP<\/a><\/figcaption><\/figure>\n\n\n\n<figure class=\"wp-block-image size-large is-resized\"><img loading=\"lazy\" src=\"http:\/\/www.zeroharm.com.br\/wp-content\/uploads\/2020\/07\/Lan\u00e7amento-Livro.jpg\" alt=\"\" class=\"wp-image-139\" width=\"332\" height=\"83\" srcset=\"https:\/\/www.zeroharm.com.br\/wp-content\/uploads\/2020\/07\/Lan\u00e7amento-Livro.jpg 642w, https:\/\/www.zeroharm.com.br\/wp-content\/uploads\/2020\/07\/Lan\u00e7amento-Livro-300x75.jpg 300w, https:\/\/www.zeroharm.com.br\/wp-content\/uploads\/2020\/07\/Lan\u00e7amento-Livro-640x161.jpg 640w\" sizes=\"(max-width: 332px) 100vw, 332px\" \/><figcaption><a href=\"https:\/\/lnkd.in\/dng5dSZ\">https:\/\/lnkd.in\/dng5dSZ<\/a><\/figcaption><\/figure>\n<\/div>\n<\/div>\n\n\n\n<p><\/p>\n","protected":false},"excerpt":{"rendered":"<p>Veja palestras recentes e Cursos espec\u00edficos<\/p>\n","protected":false},"author":2,"featured_media":0,"parent":0,"menu_order":0,"comment_status":"closed","ping_status":"closed","template":"","meta":[],"_links":{"self":[{"href":"https:\/\/www.zeroharm.com.br\/index.php\/wp-json\/wp\/v2\/pages\/12"}],"collection":[{"href":"https:\/\/www.zeroharm.com.br\/index.php\/wp-json\/wp\/v2\/pages"}],"about":[{"href":"https:\/\/www.zeroharm.com.br\/index.php\/wp-json\/wp\/v2\/types\/page"}],"author":[{"embeddable":true,"href":"https:\/\/www.zeroharm.com.br\/index.php\/wp-json\/wp\/v2\/users\/2"}],"replies":[{"embeddable":true,"href":"https:\/\/www.zeroharm.com.br\/index.php\/wp-json\/wp\/v2\/comments?post=12"}],"version-history":[{"count":7,"href":"https:\/\/www.zeroharm.com.br\/index.php\/wp-json\/wp\/v2\/pages\/12\/revisions"}],"predecessor-version":[{"id":141,"href":"https:\/\/www.zeroharm.com.br\/index.php\/wp-json\/wp\/v2\/pages\/12\/revisions\/141"}],"wp:attachment":[{"href":"https:\/\/www.zeroharm.com.br\/index.php\/wp-json\/wp\/v2\/media?parent=12"}],"curies":[{"name":"wp","href":"https:\/\/api.w.org\/{rel}","templated":true}]}}