{"id":11,"date":"2020-07-11T15:21:38","date_gmt":"2020-07-11T18:21:38","guid":{"rendered":"http:\/\/www.zeroharm.com.br\/?page_id=11"},"modified":"2020-07-24T12:14:50","modified_gmt":"2020-07-24T15:14:50","slug":"investigacao-de-incidentes","status":"publish","type":"page","link":"https:\/\/www.zeroharm.com.br\/index.php\/investigacao-de-incidentes\/","title":{"rendered":"Investiga\u00e7\u00e3o de Incidentes"},"content":{"rendered":"\n<div class=\"wp-block-columns\">\n<div class=\"wp-block-column\">\n<div class=\"wp-block-image\"><figure class=\"aligncenter size-large is-resized\"><img loading=\"lazy\" src=\"http:\/\/www.zeroharm.com.br\/wp-content\/uploads\/2020\/07\/Construction_96px.png\" alt=\"\" class=\"wp-image-98\" width=\"96\" height=\"96\"\/><\/figure><\/div>\n\n\n\n<figure class=\"wp-block-image size-medium\"><img loading=\"lazy\" width=\"300\" height=\"135\" src=\"http:\/\/www.zeroharm.com.br\/wp-content\/uploads\/2020\/07\/Aprenda-a-investigar-incidentes-300x135.jpg\" alt=\"\" class=\"wp-image-116\" srcset=\"https:\/\/www.zeroharm.com.br\/wp-content\/uploads\/2020\/07\/Aprenda-a-investigar-incidentes-300x135.jpg 300w, https:\/\/www.zeroharm.com.br\/wp-content\/uploads\/2020\/07\/Aprenda-a-investigar-incidentes-1024x462.jpg 1024w, https:\/\/www.zeroharm.com.br\/wp-content\/uploads\/2020\/07\/Aprenda-a-investigar-incidentes-768x347.jpg 768w, https:\/\/www.zeroharm.com.br\/wp-content\/uploads\/2020\/07\/Aprenda-a-investigar-incidentes-1536x693.jpg 1536w, https:\/\/www.zeroharm.com.br\/wp-content\/uploads\/2020\/07\/Aprenda-a-investigar-incidentes.jpg 1606w\" sizes=\"(max-width: 300px) 100vw, 300px\" \/><figcaption><br><a href=\"https:\/\/www.udemy.com\/course\/aprenda-a-investigar-e-analisar-um-incidente\">https:\/\/www.udemy.com\/course\/aprenda-a-investigar-e-analisar-um-incidente<\/a><\/figcaption><\/figure>\n<\/div>\n\n\n\n<div class=\"wp-block-column\">\n<p class=\"has-text-align-left has-medium-font-size\"><strong>Sofrer um acidente \u00e9 lament\u00e1vel. Sofrer um acidente e n\u00e3o aprender a li\u00e7\u00e3o \u00e9 imperdo\u00e1vel.<\/strong><\/p>\n\n\n\n<p class=\"has-text-align-right has-small-font-size\">Flight Safety Digest<\/p>\n<\/div>\n\n\n\n<div class=\"wp-block-column\">\n<div class=\"wp-block-image\"><figure class=\"aligncenter size-large\"><img loading=\"lazy\" width=\"96\" height=\"96\" src=\"http:\/\/www.zeroharm.com.br\/wp-content\/uploads\/2020\/07\/Bulldozer_96px.png\" alt=\"\" class=\"wp-image-99\"\/><\/figure><\/div>\n\n\n\n<figure class=\"wp-block-image size-medium\"><img loading=\"lazy\" width=\"300\" height=\"132\" src=\"http:\/\/www.zeroharm.com.br\/wp-content\/uploads\/2020\/07\/Tela-Inicio-Curso-300x132.jpg\" alt=\"\" class=\"wp-image-119\" srcset=\"https:\/\/www.zeroharm.com.br\/wp-content\/uploads\/2020\/07\/Tela-Inicio-Curso-300x132.jpg 300w, https:\/\/www.zeroharm.com.br\/wp-content\/uploads\/2020\/07\/Tela-Inicio-Curso-1024x452.jpg 1024w, https:\/\/www.zeroharm.com.br\/wp-content\/uploads\/2020\/07\/Tela-Inicio-Curso-768x339.jpg 768w, https:\/\/www.zeroharm.com.br\/wp-content\/uploads\/2020\/07\/Tela-Inicio-Curso-1536x677.jpg 1536w, https:\/\/www.zeroharm.com.br\/wp-content\/uploads\/2020\/07\/Tela-Inicio-Curso.jpg 1916w\" sizes=\"(max-width: 300px) 100vw, 300px\" \/><figcaption><a href=\"https:\/\/www.udemy.com\/course\/learning-from-accidents\">https:\/\/www.udemy.com\/course\/learning-from-accidents<\/a> <\/figcaption><\/figure>\n<\/div>\n<\/div>\n\n\n\n<p><\/p>\n","protected":false},"excerpt":{"rendered":"<p>Sofrer um acidente \u00e9 lament\u00e1vel. Sofrer um acidente e n\u00e3o aprender a li\u00e7\u00e3o \u00e9 imperdo\u00e1vel. Flight Safety Digest<\/p>\n","protected":false},"author":2,"featured_media":0,"parent":0,"menu_order":0,"comment_status":"closed","ping_status":"closed","template":"","meta":[],"_links":{"self":[{"href":"https:\/\/www.zeroharm.com.br\/index.php\/wp-json\/wp\/v2\/pages\/11"}],"collection":[{"href":"https:\/\/www.zeroharm.com.br\/index.php\/wp-json\/wp\/v2\/pages"}],"about":[{"href":"https:\/\/www.zeroharm.com.br\/index.php\/wp-json\/wp\/v2\/types\/page"}],"author":[{"embeddable":true,"href":"https:\/\/www.zeroharm.com.br\/index.php\/wp-json\/wp\/v2\/users\/2"}],"replies":[{"embeddable":true,"href":"https:\/\/www.zeroharm.com.br\/index.php\/wp-json\/wp\/v2\/comments?post=11"}],"version-history":[{"count":9,"href":"https:\/\/www.zeroharm.com.br\/index.php\/wp-json\/wp\/v2\/pages\/11\/revisions"}],"predecessor-version":[{"id":143,"href":"https:\/\/www.zeroharm.com.br\/index.php\/wp-json\/wp\/v2\/pages\/11\/revisions\/143"}],"wp:attachment":[{"href":"https:\/\/www.zeroharm.com.br\/index.php\/wp-json\/wp\/v2\/media?parent=11"}],"curies":[{"name":"wp","href":"https:\/\/api.w.org\/{rel}","templated":true}]}}